{"id":2784,"date":"2023-10-09T07:54:28","date_gmt":"2023-10-09T07:54:28","guid":{"rendered":"https:\/\/themeholy.com\/wordpress\/konta\/?page_id=2784"},"modified":"2024-07-21T15:33:02","modified_gmt":"2024-07-21T19:33:02","slug":"about-us","status":"publish","type":"page","link":"https:\/\/scellantsuperseal.ca\/en\/about-us\/","title":{"rendered":"About Us"},"content":{"rendered":"\t\t<div data-elementor-type=\"wp-page\" data-elementor-id=\"2784\" class=\"elementor elementor-2784\">\n\t\t\t\t\t\t<section class=\"elementor-section elementor-top-section elementor-element elementor-element-a7c31c3 elementor-section-full_width elementor-section-height-default elementor-section-height-default\" data-id=\"a7c31c3\" data-element_type=\"section\" data-settings=\"{&quot;background_background&quot;:&quot;classic&quot;}\">\n\t\t\t\t\t\t<div class=\"elementor-container elementor-column-gap-no\">\n\t\t\t\t\t<div class=\"elementor-column elementor-col-100 elementor-top-column elementor-element elementor-element-bc0bd27\" data-id=\"bc0bd27\" data-element_type=\"column\">\n\t\t\t<div class=\"elementor-widget-wrap elementor-element-populated\">\n\t\t\t\t\t\t<section class=\"elementor-section elementor-inner-section elementor-element elementor-element-2a3f745 elementor-section-boxed elementor-section-height-default elementor-section-height-default\" data-id=\"2a3f745\" data-element_type=\"section\">\n\t\t\t\t\t\t<div class=\"elementor-container elementor-column-gap-no\">\n\t\t\t\t\t<div class=\"elementor-column elementor-col-50 elementor-inner-column elementor-element elementor-element-095a510\" data-id=\"095a510\" data-element_type=\"column\">\n\t\t\t<div class=\"elementor-widget-wrap elementor-element-populated\">\n\t\t\t\t\r\n\t\t<div class=\"elementor-element elementor-element-ca9850f elementor-widget elementor-widget-kontagroupimage\" data-id=\"ca9850f\" data-element_type=\"widget\" data-widget_type=\"kontagroupimage.default\">\n\t\t\t\t<div class=\"elementor-widget-container\">\n\t\t\t<div class=\"img-box1\"><div class=\"img1\"><img decoding=\"async\" src=\"https:\/\/scellantsuperseal.ca\/wp-content\/uploads\/2024\/04\/seal-main.webp\" alt=\"seal main\"  class=\"tilt-active\" \/><\/div><div class=\"about-grid\"><h3 class=\"about-grid_year\"><span class=\"counter-number\">30<\/span>+<\/h3><p class=\"about-grid_text\">Years Experiences<br \/>Paver Cleaning and Sealing<\/p><\/div><\/div>\t\t<\/div>\n\t\t\t\t<\/div>\n\t\t\t\t\t<\/div>\n\t\t<\/div>\n\t\t\t\t<div class=\"elementor-column elementor-col-50 elementor-inner-column elementor-element elementor-element-4714f0e\" data-id=\"4714f0e\" data-element_type=\"column\">\n\t\t\t<div class=\"elementor-widget-wrap elementor-element-populated\">\n\t\t\t\t\t\t<div class=\"elementor-element elementor-element-94d5b29 elementor-widget elementor-widget-kontasectiontitle\" data-id=\"94d5b29\" data-element_type=\"widget\" data-widget_type=\"kontasectiontitle.default\">\n\t\t\t\t<div class=\"elementor-widget-container\">\n\t\t\t<div class=\"title-area mb-30\" ><span class=\" sub-title subtitle-selector\">About Us<\/span><h2 class=\"sec-title  title-selector\">Seal and Protect<\/h2><\/div><p class=\"desc-selector\">Discover the unparalleled expertise of Scellant Super Seal, your trusted partner for all your stone care needs on the South Shore of Montreal. With a dedication to excellence, we specialize in cleaning, repairing, and sealing pav\u00e9 uni, cement, and natural stones. As certified Techniseal applicators, we ensure top-notch results, leaving your surfaces pristine and protected. Say goodbye to stains with our advanced hot water stain removal techniques. Experience the difference with Scellant Super Seal \u2013 where quality meets reliability for every project.<\/p>\t\t<\/div>\n\t\t\t\t<\/div>\n\t\t\t\t<div class=\"elementor-element elementor-element-be38a66 elementor-widget elementor-widget-kontafeature\" data-id=\"be38a66\" data-element_type=\"widget\" data-widget_type=\"kontafeature.default\">\n\t\t\t\t<div class=\"elementor-widget-container\">\n\t\t\t<div class=\"about-grid2\"><div class=\"icon\"><img decoding=\"async\" src=\"https:\/\/scellantsuperseal.ca\/wp-content\/uploads\/2024\/03\/Scellant-Super-Seal-Logo-w.svg\" alt=\"Scellant entretien r\u00e9paration nettoyage pav\u00e9 uni rive-sud Montr\u00e9al\"  \/><\/div><div class=\"about-grid-details\"><h3 class=\"about-grid_title title-selector h6\">Professional Service<\/h3><p class=\"desc-selector\">Whether it&#039;s pav\u00e9 uni, cement, or natural stones, we meticulously clean, repair, seal, and resand surfaces to bring back their original allure. With a commitment to quality and expertise, we guarantee long-lasting protection and enhanced durability for your outdoor spaces<\/p><\/div><\/div><div class=\"about-grid2\"><div class=\"icon\"><img decoding=\"async\" src=\"https:\/\/scellantsuperseal.ca\/wp-content\/uploads\/2024\/03\/TECHNISEAL.webp\" alt=\"TECHNISEAL\"  \/><\/div><div class=\"about-grid-details\"><h3 class=\"about-grid_title title-selector h6\">Certified Techniseal Applicator<\/h3><p class=\"desc-selector\">\nAs Certified Techniseal Applicator, we guarantee the fulfillment of your stone care requirements with unparalleled levels of quality and expertise.<\/p><\/div><\/div>\t\t<\/div>\n\t\t\t\t<\/div>\n\t\t\t\t\t<\/div>\n\t\t<\/div>\n\t\t\t\t\t<\/div>\n\t\t<\/section>\n\t\t\t\t\t<\/div>\n\t\t<\/div>\n\t\t\t\t\t<\/div>\n\t\t<\/section>\n\t\t\t\t<\/div>\n\t\t","protected":false},"excerpt":{"rendered":"<p>30+ Years ExperiencesPaver Cleaning and Sealing About Us Seal and Protect Discover the unparalleled expertise of Scellant Super Seal, your trusted partner for all your stone care needs on the South Shore of Montreal. With a dedication to excellence, we specialize in cleaning, repairing, and sealing pav\u00e9 uni, cement, and natural stones. As certified Techniseal&#8230;<\/p>\n","protected":false},"author":3,"featured_media":0,"parent":0,"menu_order":0,"comment_status":"closed","ping_status":"closed","template":"elementor_theme","meta":{"footnotes":""},"class_list":["post-2784","page","type-page","status-publish","hentry"],"aioseo_notices":[],"_links":{"self":[{"href":"https:\/\/scellantsuperseal.ca\/en\/wp-json\/wp\/v2\/pages\/2784","targetHints":{"allow":["GET"]}}],"collection":[{"href":"https:\/\/scellantsuperseal.ca\/en\/wp-json\/wp\/v2\/pages"}],"about":[{"href":"https:\/\/scellantsuperseal.ca\/en\/wp-json\/wp\/v2\/types\/page"}],"author":[{"embeddable":true,"href":"https:\/\/scellantsuperseal.ca\/en\/wp-json\/wp\/v2\/users\/3"}],"replies":[{"embeddable":true,"href":"https:\/\/scellantsuperseal.ca\/en\/wp-json\/wp\/v2\/comments?post=2784"}],"version-history":[{"count":1,"href":"https:\/\/scellantsuperseal.ca\/en\/wp-json\/wp\/v2\/pages\/2784\/revisions"}],"predecessor-version":[{"id":6140,"href":"https:\/\/scellantsuperseal.ca\/en\/wp-json\/wp\/v2\/pages\/2784\/revisions\/6140"}],"wp:attachment":[{"href":"https:\/\/scellantsuperseal.ca\/en\/wp-json\/wp\/v2\/media?parent=2784"}],"curies":[{"name":"wp","href":"https:\/\/api.w.org\/{rel}","templated":true}]}}